{"id":1005,"date":"2021-12-15T14:39:55","date_gmt":"2021-12-15T13:39:55","guid":{"rendered":"http:\/\/bzbprojekt.pl\/?page_id=1005"},"modified":"2021-12-16T14:06:46","modified_gmt":"2021-12-16T13:06:46","slug":"polityka-prywatnosci","status":"publish","type":"page","link":"https:\/\/bzbprojekt.pl\/index.php\/polityka-prywatnosci\/","title":{"rendered":"Polityka prywatno\u015bci"},"content":{"rendered":"\t\t<div data-elementor-type=\"wp-page\" data-elementor-id=\"1005\" class=\"elementor elementor-1005\" data-elementor-settings=\"[]\">\n\t\t\t\t\t\t<div class=\"elementor-inner\">\n\t\t\t\t\t\t\t<div class=\"elementor-section-wrap\">\n\t\t\t\t\t\t\t<section class=\"elementor-section elementor-top-section elementor-element elementor-element-6785d85 elementor-section-boxed elementor-section-height-default elementor-section-height-default\" data-id=\"6785d85\" data-element_type=\"section\">\n\t\t\t\t\t\t<div class=\"elementor-container elementor-column-gap-default\">\n\t\t\t\t\t\t\t<div class=\"elementor-row\">\n\t\t\t\t\t<div class=\"aux-parallax-section elementor-column elementor-col-100 elementor-top-column elementor-element elementor-element-37ebeb2\" data-id=\"37ebeb2\" data-element_type=\"column\">\n\t\t\t<div class=\"elementor-column-wrap elementor-element-populated\">\n\t\t\t\t\t\t\t<div class=\"elementor-widget-wrap\">\n\t\t\t\t\t\t<div class=\"elementor-element elementor-element-5885249 elementor-widget elementor-widget-aux_modern_heading\" data-id=\"5885249\" data-element_type=\"widget\" data-widget_type=\"aux_modern_heading.default\">\n\t\t\t\t<div class=\"elementor-widget-container\">\n\t\t\t<section class=\"aux-widget-modern-heading\">\n            <div class=\"aux-widget-inner\"><h5 class=\"aux-modern-heading-primary\">POLITYKA PRYWATNO\u015aCI<\/h5><div class=\"aux-modern-heading-divider\"><\/div><\/div>\n        <\/section>\t\t<\/div>\n\t\t\t\t<\/div>\n\t\t\t\t\t\t<\/div>\n\t\t\t\t\t<\/div>\n\t\t<\/div>\n\t\t\t\t\t\t\t\t<\/div>\n\t\t\t\t\t<\/div>\n\t\t<\/section>\n\t\t\t\t<section class=\"elementor-section elementor-top-section elementor-element elementor-element-58e65e23 elementor-section-boxed elementor-section-height-default elementor-section-height-default\" data-id=\"58e65e23\" data-element_type=\"section\">\n\t\t\t\t\t\t<div class=\"elementor-container elementor-column-gap-default\">\n\t\t\t\t\t\t\t<div class=\"elementor-row\">\n\t\t\t\t\t<div class=\"aux-parallax-section elementor-column elementor-col-100 elementor-top-column elementor-element elementor-element-6f4c8cb5\" data-id=\"6f4c8cb5\" data-element_type=\"column\">\n\t\t\t<div class=\"elementor-column-wrap elementor-element-populated\">\n\t\t\t\t\t\t\t<div class=\"elementor-widget-wrap\">\n\t\t\t\t\t\t<div class=\"elementor-element elementor-element-3ac97900 elementor-widget elementor-widget-text-editor\" data-id=\"3ac97900\" data-element_type=\"widget\" data-widget_type=\"text-editor.default\">\n\t\t\t\t<div class=\"elementor-widget-container\">\n\t\t\t\t\t\t\t\t<div class=\"elementor-text-editor elementor-clearfix\">\n\t\t\t\t<p><!-- wp:paragraph --><\/p>\n<p>Na podstawie art. 6 i art. 13 Rozporz\u0105dzenia Parlamentu Europejskiego i Rady (UE) 2016\/679 z dnia 27 kwietnia 2016 r. w sprawie ochrony os\u00f3b fizycznych w zwi\u0105zku z przetwarzaniem danych osobowych oraz uchylenia dyrektywy 95\/46\/WE (og\u00f3lne rozporz\u0105dzenie o ochronie danych) (Dz. Urz. UE L 119 z 04.05.2016), oraz Ustawy z dnia 10 maja 2018 r. o ochronie danych osobowych, informujemy:<\/p>\n<p><!-- \/wp:paragraph --><\/p>\n<p><!-- wp:list {\"ordered\":true,\"type\":\"1\"} --><\/p>\n<ol type=\"1\">\n<li>Administratorem Danych Osobowych jest BZB Projekt Biuro Zarz\u0105dzania w Budownictwie, ul. Piotrkowska 55, 90-413 \u0141\u00f3d\u017a, NIP: 728-219-78-49\u00a0 REGON: 101704177<\/li>\n<\/ol>\n<p><!-- \/wp:list --><\/p>\n<p><!-- wp:list {\"ordered\":true} --><\/p>\n<ol>\n<li>Dane Osobowe przetwarzane s\u0105 w poni\u017cszych celach:\n<ul>\n<li>&#8211; obs\u0142ugi formularza kontaktowego (art. 6 ust. 1 lit. f RODO);<\/li>\n<\/ul>\n<ul>\n<li>&#8211; marketingu bezpo\u015bredniego us\u0142ug w\u0142asnych (art. 6 ust. 1 lit. f RODO);<\/li>\n<\/ul>\n<ul>\n<li>&#8211; analizy danych i statystyk zbieranych automatycznie przy korzystaniu ze strony, w tym poprzez pliki Cookies (art. 6 ust. 1 lit. f RODO);<\/li>\n<\/ul>\n<ul>\n<li>&#8211; administrowania i zarz\u0105dzania stron\u0105 internetow\u0105 pod adresem\u00a0<a href=\"http:\/\/www.bzbprojekt.pl\" target=\"_blank\" rel=\"noopener\">www.bzbprojekt.pl<\/a>\u00a0(art. 6 ust. 1 lit. f RODO);<\/li>\n<\/ul>\n<ul>\n<li>&#8211; zapisywania danych w postaci plik\u00f3w Cookies (art. 6 ust. 1 lit. f RODO);<\/li>\n<\/ul>\n<ul>\n<li>&#8211; przygotowania, przes\u0142ania oraz om\u00f3wienia oferty handlowej (art. 6 ust. 1 lit. f RODO).<\/li>\n<\/ul>\n<\/li>\n<li>Dane Osobowe b\u0119d\u0105 udost\u0119pniane jedynie podmiotom, kt\u00f3re zosta\u0142y upowa\u017cnione na podstawie prawa a innym podmiotom tylko w celach informatycznych, administracyjnych, czy analitycznych (obs\u0142uga strony www, obs\u0142uga formularza kontaktowego, analizy danych i statystyk).<\/li>\n<li>Strona internetowa\u00a0<a href=\"http:\/\/www.bzbprojekt.pl\" target=\"_blank\" rel=\"noopener\">www.bzbprojekt.pl<\/a>\u00a0korzysta z us\u0142ug Google Analytics &#8211; us\u0142ugi analizowania us\u0142ug internetowych, oferowanej przez Google Inc.. Google Analytics do analizy wykorzystuje tzw. \u201eCookies\u201d czyli pliki tekstowe, kt\u00f3re s\u0105 zapisywane na Pa\u0144stwa komputerze i umo\u017cliwiaj\u0105 analiz\u0119 korzystania przez Pa\u0144stwa ze strony internetowej. Wszelkie informacje, dotycz\u0105ce bezpiecze\u0144stwa danych oraz post\u0119powania z danymi w Google Analytics znajduj\u0105 si\u0119 pod adresem:\u00a0<a href=\"https:\/\/support.google.com\/analytics\/answer\/6004245\" target=\"_blank\" rel=\"noopener\">https:\/\/support.google.com\/analytics\/answer\/6004245<\/a>\u00a0.<\/li>\n<li>Ustawienia Cookies (m.in. warunki przechowywania oraz dost\u0119pu do plik\u00f3w Cookies) mo\u017cna zmieni\u0107 z poziomu przegl\u0105darki internetowej.<\/li>\n<li>Dane osobowe przetwarzane do cel\u00f3w analitycznych oraz w zwi\u0105zku z obs\u0142ug\u0105 formularza kontaktowego, \u00a0przechowywane b\u0119d\u0105 do momentu okre\u015blonego w wewn\u0119trznych regulacjach jako data niszczenia danych, b\u0105d\u017a do momentu Twojej pro\u015bby o usuni\u0119cie Danych Osobowych.<\/li>\n<li>Jako u\u017cytkownik strony\u00a0<a href=\"http:\/\/www.bzbprojekt.pl\" target=\"_blank\" rel=\"noopener\">www.bzbprojekt.pl<\/a>\u00a0posiadasz prawo do:\n<ul>\n<li>&#8211; dost\u0119pu do swoich Danych Osobowych;<\/li>\n<\/ul>\n<ul>\n<li>&#8211; przeniesienia swoich Danych Osobowych;<\/li>\n<\/ul>\n<ul>\n<li>&#8211; naniesienia sprostowa\u0144 do swoich Danych Osobowych;<\/li>\n<\/ul>\n<ul>\n<li>&#8211; ograniczenia mo\u017cliwo\u015bci przetwarzania Twoich Danych Osobowych;<\/li>\n<\/ul>\n<ul>\n<li>&#8211; anulowania mo\u017cliwo\u015bci przetwarzania Twoich Danych Osobowych;<\/li>\n<\/ul>\n<ul>\n<li>&#8211; z\u0142o\u017cenia za\u017calenia ws. sposobu w jaki wykorzystujemy Twoje Dane Osobowe;<\/li>\n<\/ul>\n<\/li>\n<li>W celu anulowania mo\u017cliwo\u015bci przetwarzania Twoich Danych Osobowych, b\u0105d\u017a z\u0142o\u017cenia za\u017calenia ws. sposobu\u00a0 w jaki wykorzystujemy Twoje Dane Osobowe, mo\u017cesz napisa\u0107 na adres e-mail: marketing@bzbprojekt.com<\/li>\n<li>Podanie Danych Osobowych jest dobrowolne. Odmowa podania Danych Osobowych mo\u017ce jednak uniemo\u017cliwi\u0107 obs\u0142ug\u0119 formularza kontaktowego zamieszczonego na stronie\u00a0<a href=\"http:\/\/www.bzbprojekt.pl\" target=\"_blank\" rel=\"noopener\">www.bzbprojekt.pl<\/a>\u00a0oraz innych cel\u00f3w, opisanych w punkcie 2. niniejszej polityki prywatno\u015bci, w jakich wykorzystujemy Twoje Dane Osobowe.<\/li>\n<li>Twoje Dane Osobowe b\u0119d\u0105 przetwarzane w spos\u00f3b zautomatyzowany, r\u00f3wnie\u017c za pomoc\u0105 profilowania. Na tej podstawie, przechowywane b\u0119d\u0105 nast\u0119puj\u0105ce dane:\n<ul>\n<li>&#8211; podanych przez Ciebie danych, takich jak: imi\u0119, nazwisko, stanowisko;<\/li>\n<li>&#8211; nazwy reprezentowanej przez Ciebie firmy;<\/li>\n<li>&#8211; Twojego numeru telefonu;<\/li>\n<li>&#8211; Twojego adresu e-mail<\/li>\n<\/ul>\n<\/li>\n<\/ol>\n<p><!-- \/wp:list --><\/p>\n<p><!-- wp:paragraph --><\/p>\n<p>Strona internetowa\u00a0<a href=\"http:\/\/www.bzbprojekt.pl\" target=\"_blank\" rel=\"noopener\">www.bzbprojekt.pl<\/a>\u00a0jest w\u0142asno\u015bci\u0105 BZB Projekt Biuro Zarz\u0105dzania w Budownictwie, ul. Piotrkowska 55, 90-413 \u0141\u00f3d\u017a, NIP: 728-219-78-49\u00a0 REGON: 101704177<\/p>\n<p><!-- \/wp:paragraph --><\/p>\n<p><!-- wp:paragraph --><\/p>\n<p>BZB Projekt Biuro Zarz\u0105dzania w Budownictwie, ul. Piotrkowska 55, 90-413 \u0141\u00f3d\u017a, NIP: 728-219-78-49\u00a0 REGON: 101704177 nie sprzedaje ani nie udost\u0119pnia wprowadzanych Danych Osobowych podmiotom trzecim.<\/p>\n<p><!-- \/wp:paragraph --><\/p>\n<p><!-- wp:paragraph --><\/p>\n<p>Przed rozpocz\u0119ciem korzystania ze strony\u00a0<a href=\"http:\/\/www.bzbprojekt.pl\" target=\"_blank\" rel=\"noopener\">www.bzbprojekt.pl<\/a>\u00a0i przekazywaniem jakichkolwiek Danych Osobowych za jej po\u015brednictwem, prosimy o zapoznanie si\u0119 z nasz\u0105 Polityk\u0105 Prywatno\u015bci.<\/p>\n<p><!-- \/wp:paragraph --><\/p>\n<p><!-- wp:paragraph --><\/p>\n<p>Korzystanie ze strony\u00a0<a href=\"http:\/\/www.bzbprojekt.pl\" target=\"_blank\" rel=\"noopener\">www.bzbprojekt.pl<\/a>\u00a0r\u00f3wnoznaczne jest z przyj\u0119ciem zapis\u00f3w naszej Polityki Prywatno\u015bci, kt\u00f3ra dost\u0119pna na jest w niniejszym serwisie.<\/p>\n<p><!-- \/wp:paragraph --><\/p>\n<p><!-- wp:paragraph --><\/p>\n<p>Przekazywanie Danych Osobowych za po\u015brednictwem strony\u00a0<a href=\"http:\/\/www.bzbprojekt.pl\" target=\"_blank\" rel=\"noopener\">www.bzbprojekt.pl<\/a>\u00a0r\u00f3wnoznaczne jest z wyra\u017ceniem zgody na ich zbieranie, wykorzystanie oraz udost\u0119pnianie zgodnie z zapisami naszej Polityki Prywatno\u015bci.<\/p>\n<p><!-- \/wp:paragraph --><\/p>\n<p><!-- wp:paragraph --><\/p>\n<p>Storna\u00a0<a href=\"http:\/\/www.bzbprojekt.pl\" target=\"_blank\" rel=\"noopener\">www.bzbprojekt.pl<\/a>\u00a0nie jest przeznaczona dla dzieci i m\u0142odzie\u017cy poni\u017cej 13 roku \u017cycia. W przypadku stwierdzenia, \u017ce podane zosta\u0142y Dane Osobowe dotycz\u0105ce dzieci, tego typu dane\u00a0 b\u0119d\u0105 usuwane niezw\u0142ocznie po ich zidentyfikowaniu. Nie ponosimy odpowiedzialno\u015bci za Dane Osobowe i inne informacje zebrane od tej grupy wiekowej.<\/p>\n<p><!-- \/wp:paragraph --><\/p>\n<p><!-- wp:paragraph --><\/p>\n<p>U\u017cytkownicy, kt\u00f3rzy korzystaj\u0105 ze strony\u00a0<a href=\"http:\/\/www.bzbprojekt.pl\" target=\"_blank\" rel=\"noopener\">www.bzbprojekt.pl<\/a>\u00a0pozostaj\u0105 anonimowi dop\u00f3ki sami nie zdecyduj\u0105 inaczej oraz dop\u00f3ki sami nie dokonaj\u0105 dzia\u0142a\u0144 w\u0142a\u015bciwych dla tych cz\u0119\u015bci serwisu, z kt\u00f3rymi zwi\u0105zana jest konieczno\u015b\u0107 ujawnienia niekt\u00f3rych danych osobowych (np. korzystaj\u0105c z formularza kontaktowego).<\/p>\n<p><!-- \/wp:paragraph --><\/p>\n<p><!-- wp:paragraph --><\/p>\n<p>Bezpo\u015bredni dost\u0119p do Danych Osobowych posiadaj\u0105 jedynie uprawnieni pracownicy firmy BZB Projekt Biuro Zarz\u0105dzania w Budownictwie i osoby zajmuj\u0105ce si\u0119 obs\u0142ug\u0105 strony\u00a0<a href=\"http:\/\/www.bzbprojekt.pl\" target=\"_blank\" rel=\"noopener\">www.bzbprojekt.pl<\/a>. Osoby uprawnione maj\u0105 obowi\u0105zek zachowa\u0107 Dane Osobowe w \u015bcis\u0142ej tajemnicy i nie maj\u0105 prawa udost\u0119pnia\u0107 ich osobom niepowo\u0142anym.<\/p>\n<p><!-- \/wp:paragraph --><\/p>\n<p><!-- wp:paragraph --><\/p>\n<p>Zebrane Dane Osobowe mog\u0105 zosta\u0107 przekazane organom wymiaru sprawiedliwo\u015bci w kraju b\u0105d\u017a zza granicy, dzia\u0142aj\u0105cymi wg innych przepis\u00f3w zwi\u0105zanych z Danymi Osobowymi, ni\u017c w kraju, kt\u00f3rego jeste\u015b obywatelem.<\/p>\n<p><!-- \/wp:paragraph --><\/p>\n<p><!-- wp:paragraph --><\/p>\n<p>Zar\u00f3wno tre\u015b\u0107 jak i struktura strony\u00a0<a href=\"http:\/\/www.bzbprojekt.pl\" target=\"_blank\" rel=\"noopener\">www.bzbprojekt.pl<\/a>\u00a0chronione s\u0105 prawem autorskim.<\/p>\n<p><!-- \/wp:paragraph --><\/p>\n<p><!-- wp:paragraph --><\/p>\n<p>Informacje, kt\u00f3re zamieszone zosta\u0142y na stronie\u00a0<a href=\"http:\/\/www.bzbprojekt.pl\" target=\"_blank\" rel=\"noopener\">www.bzbprojekt.pl<\/a>\u00a0chronione s\u0105 prawem autorskim. Ich powielanie, t\u0142umaczenie, wprowadzanie do pami\u0119ci, przetwarzanie na inne media elektroniczne, wykorzystywanie materia\u0142\u00f3w graficznych oraz ca\u0142o\u015bci b\u0105d\u017a fragment\u00f3w udost\u0119pnionych tekst\u00f3w jest zabronione.<\/p>\n<p><!-- \/wp:paragraph --><\/p>\n<p><!-- wp:paragraph --><\/p>\n<p>Kopiowanie oraz u\u017cytkowanie tekst\u00f3w oraz materia\u0142\u00f3w graficznych zamieszczonych na niniejszej stronie jest dozwolone (z wy\u0142\u0105czeniem u\u017cytku prywatnego), jedynie po uzyskaniu pisemnego zezwolenia BZB Projekt Biuro Zarz\u0105dzania w Budownictwie.<\/p>\n<p><!-- \/wp:paragraph --><\/p>\n<p><!-- wp:paragraph --><\/p>\n<p>Pliki Cookies<\/p>\n<p><!-- \/wp:paragraph --><\/p>\n<p><!-- wp:paragraph --><\/p>\n<p>Tzw. \u201eCookies\u201d, czyli pliki z informacjami konfiguracyjnymi, potrzebne s\u0105 do zbierania statystyk ze strony\u00a0<a href=\"http:\/\/www.bzbprojekt.pl\" target=\"_blank\" rel=\"noopener\">www.bzbprojekt.pl<\/a>.<\/p>\n<p><!-- \/wp:paragraph --><\/p>\n<p><!-- wp:paragraph --><\/p>\n<p>Na stronie\u00a0<a href=\"http:\/\/www.bzbprojekt.pl\" target=\"_blank\" rel=\"noopener\">www.bzbprojekt.pl<\/a>\u00a0u\u017cywamy r\u00f3\u017cnego rodzaju plik\u00f3w Cookies:<\/p>\n<p><!-- \/wp:paragraph --><\/p>\n<p><!-- wp:list --><\/p>\n<ul>\n<li>&#8211; konieczne do dzia\u0142ania stron \u2013 daj\u0105 one mo\u017cliwo\u015b\u0107 korzystania z us\u0142ug na naszej stronie;<\/li>\n<li>&#8211; wp\u0142ywaj\u0105ce na funkcjonalno\u015b\u0107 \u2013 \u201ezapami\u0119tuj\u0105\u201d wybrane przez Ciebie ustawienia oraz personalizuj\u0105 interfejs;<\/li>\n<li>&#8211; wp\u0142ywaj\u0105ce na wydajno\u015b\u0107 \u2013 umo\u017cliwiaj\u0105 zbieranie danych na temat sposobu korzystania ze strony internetowej;<\/li>\n<\/ul>\n<p><!-- \/wp:list --><\/p>\n<p><!-- wp:paragraph --><\/p>\n<p>Wykorzystuj\u0105c pliki Cookies w powy\u017cszy spos\u00f3b, nie identyfikujemy personali\u00f3w u\u017cytkownik\u00f3w na podstawie informacji, kt\u00f3re przechowujemy w Cookies.\u00a0<\/p>\n<p><!-- \/wp:paragraph --><\/p>\n<p><!-- wp:paragraph --><\/p>\n<p>W trakcie korzystania z naszej strony internetowej mo\u017cesz otrzymywa\u0107 Cookies, kt\u00f3re pochodz\u0105 od wsp\u00f3\u0142pracuj\u0105cych z nami podmiot\u00f3w trzecich (np. Facebook, Goole). Wi\u0119cej informacji, dotycz\u0105cych tego rodzaju Cookies znajdziesz na serwisach poszczeg\u00f3lnych podmiot\u00f3w trzecich.<\/p>\n<p><!-- \/wp:paragraph --><\/p>\n<p><!-- wp:paragraph --><\/p>\n<p>Istnieje mo\u017cliwo\u015b\u0107 korzystania ze strony\u00a0<a href=\"http:\/\/www.bzbprojekt.pl\" target=\"_blank\" rel=\"noopener\">www.bzbprojekt.pl<\/a>\u00a0bez u\u017cywania plik\u00f3w Cookies. Zazwyczaj przegl\u0105darki internetowe akceptuj\u0105 pliki Cookies automatycznie. W ka\u017cdym momencie, w ustawieniach przegl\u0105darki, mo\u017cesz wy\u0142\u0105czy\u0107 lub cz\u0119\u015bciowo zablokowa\u0107 pliki Cookies. Mo\u017cesz r\u00f3wnie\u017c w\u0142\u0105czy\u0107 tryb informowania na temat wszelkich sytuacji, kt\u00f3re wi\u0105\u017c\u0105 si\u0119 z przesy\u0142aniem plik\u00f3w Cookies. Musisz pami\u0119ta\u0107, \u017ce uniemo\u017cliwienie nam korzystania z plik\u00f3w Cookies, mo\u017ce zmniejszy\u0107 wygod\u0119 korzystania z naszej strony (np. nieprawid\u0142owe wy\u015bwietlanie si\u0119 niekt\u00f3rych obszar\u00f3w serwisu). Wi\u0105\u017ce si\u0119 to r\u00f3wnie\u017c z uniemo\u017cliwieniem zbierania anonimowych danych, dotycz\u0105cych sposobu u\u017cytkowania naszego serwisu, co uniemo\u017cliwi nam poprawianie zawarto\u015bci strony\u00a0<a href=\"http:\/\/www.bzbprojekt.pl\" target=\"_blank\" rel=\"noopener\">www.bzbprojekt.pl<\/a>, czy naszej oferty.<\/p>\n<p><!-- \/wp:paragraph --><\/p>\n<p><!-- wp:paragraph --><\/p>\n<p>Bezpiecze\u0144stwo<\/p>\n<p><!-- \/wp:paragraph --><\/p>\n<p><!-- wp:paragraph --><\/p>\n<p>Informujemy, \u017ce podj\u0119li\u015bmy odpowiednie kroki dla zabezpieczenia podawanych za po\u015brednictwem strony\u00a0<a href=\"http:\/\/www.bzbprojekt.pl\" target=\"_blank\" rel=\"noopener\">www.bzbprojekt.pl<\/a>\u00a0Danych Osobowych oraz w celu ochrony Danych przed ich zgubieniem, nadu\u017cyciami, udost\u0119pnianiem, zniszczeniem lub zmian\u0105 bez zezwolenia. Prosimy aby pami\u0119ta\u0107, \u017ce \u017caden internetowy przekaz nie jest ca\u0142kowicie bezpieczny lub wolny od b\u0142\u0119d\u00f3w.<\/p>\n<p><!-- \/wp:paragraph --><\/p>\n<p><!-- wp:paragraph --><\/p>\n<p>Znaki towarowe<\/p>\n<p><!-- \/wp:paragraph --><\/p>\n<p><!-- wp:paragraph --><\/p>\n<p>Wszelkie zastrze\u017cone nazwy b\u0105d\u017a logo firm, kt\u00f3re pojawiaj\u0105 si\u0119 w materia\u0142ach udost\u0119pnianych na stronie\u00a0<a href=\"http:\/\/www.bzbprojekt.pl\" target=\"_blank\" rel=\"noopener\">www.bzbprojekt.pl<\/a>\u00a0u\u017cyte s\u0105 wy\u0142\u0105cznie w celu identyfikacji.<\/p>\n<p><!-- \/wp:paragraph --><\/p>\n<p><!-- wp:paragraph --><\/p>\n<p>Linki odsy\u0142aj\u0105ce<\/p>\n<p><!-- \/wp:paragraph --><\/p>\n<p><!-- wp:paragraph --><\/p>\n<p>Strona\u00a0<a href=\"http:\/\/www.bzbprojekt.pl\" target=\"_blank\" rel=\"noopener\">www.bzbprojekt.pl<\/a>\u00a0zawiera linki odsy\u0142aj\u0105ce do innych witryn internetowych. Niniejszy dokument o ochronie Danych Osobowych nie obejmuje innych serwis\u00f3w. Nie mamy wp\u0142ywu na przestrzeganie przepis\u00f3w ochrony Danych Osobowych przez administrator\u00f3w powy\u017cszych stron.<\/p>\n<p><!-- \/wp:paragraph --><\/p>\t\t\t\t\t<\/div>\n\t\t\t\t\t\t<\/div>\n\t\t\t\t<\/div>\n\t\t\t\t\t\t<\/div>\n\t\t\t\t\t<\/div>\n\t\t<\/div>\n\t\t\t\t\t\t\t\t<\/div>\n\t\t\t\t\t<\/div>\n\t\t<\/section>\n\t\t\t\t\t\t<\/div>\n\t\t\t\t\t\t<\/div>\n\t\t\t\t\t<\/div>\n\t\t","protected":false},"excerpt":{"rendered":"<p>POLITYKA PRYWATNO\u015aCI Na podstawie art. 6 i art. 13 Rozporz\u0105dzenia Parlamentu Europejskiego i Rady (UE) 2016\/679 z dnia 27 kwietnia 2016 r. w sprawie ochrony os\u00f3b fizycznych w zwi\u0105zku z przetwarzaniem danych osobowych oraz uchylenia dyrektywy 95\/46\/WE (og\u00f3lne rozporz\u0105dzenie o ochronie danych) (Dz. Urz. UE L 119 z 04.05.2016), oraz Ustawy z dnia 10 maja [&hellip;]<\/p>\n","protected":false},"author":2,"featured_media":0,"parent":0,"menu_order":0,"comment_status":"closed","ping_status":"closed","template":"elementor_canvas","meta":[],"yoast_head":"<!-- This site is optimized with the Yoast SEO plugin v17.6 - https:\/\/yoast.com\/wordpress\/plugins\/seo\/ -->\n<title>Polityka prywatno\u015bci - Biuro Zarz\u0105dzania w Budownictwie<\/title>\n<meta name=\"description\" content=\"Na podstawie art. 6 i art. 13 Rozporz\u0105dzenia Parlamentu Europejskiego i Rady (UE) 2016\/679 z dnia 27 kwietnia 2016 r. w sprawie ochrony os\u00f3b fizycznych w zwi\u0105zku z przetwarzaniem danych osobowych oraz uchylenia dyrektywy 95\/46\/WE (og\u00f3lne rozporz\u0105dzenie o ochronie danych) (Dz. Urz. UE L 119 z 04.05.2016), oraz Ustawy z dnia 10 maja 2018 r. o ochronie danych osobowych, informujemy\" \/>\n<meta name=\"robots\" content=\"index, follow, max-snippet:-1, max-image-preview:large, max-video-preview:-1\" \/>\n<link rel=\"canonical\" href=\"https:\/\/bzbprojekt.pl\/index.php\/polityka-prywatnosci\/\" \/>\n<meta property=\"og:locale\" content=\"pl_PL\" \/>\n<meta property=\"og:type\" content=\"article\" \/>\n<meta property=\"og:title\" content=\"Polityka prywatno\u015bci - Biuro Zarz\u0105dzania w Budownictwie\" \/>\n<meta property=\"og:description\" content=\"Na podstawie art. 6 i art. 13 Rozporz\u0105dzenia Parlamentu Europejskiego i Rady (UE) 2016\/679 z dnia 27 kwietnia 2016 r. w sprawie ochrony os\u00f3b fizycznych w zwi\u0105zku z przetwarzaniem danych osobowych oraz uchylenia dyrektywy 95\/46\/WE (og\u00f3lne rozporz\u0105dzenie o ochronie danych) (Dz. Urz. UE L 119 z 04.05.2016), oraz Ustawy z dnia 10 maja 2018 r. o ochronie danych osobowych, informujemy\" \/>\n<meta property=\"og:url\" content=\"https:\/\/bzbprojekt.pl\/index.php\/polityka-prywatnosci\/\" \/>\n<meta property=\"og:site_name\" content=\"Biuro Zarz\u0105dzania w Budownictwie\" \/>\n<meta property=\"article:modified_time\" content=\"2021-12-16T13:06:46+00:00\" \/>\n<meta name=\"twitter:card\" content=\"summary_large_image\" \/>\n<meta name=\"twitter:label1\" content=\"Szacowany czas czytania\" \/>\n\t<meta name=\"twitter:data1\" content=\"5 minut\" \/>\n<script type=\"application\/ld+json\" class=\"yoast-schema-graph\">{\"@context\":\"https:\/\/schema.org\",\"@graph\":[{\"@type\":\"WebSite\",\"@id\":\"https:\/\/bzbprojekt.pl\/#website\",\"url\":\"https:\/\/bzbprojekt.pl\/\",\"name\":\"Biuro Zarz\\u0105dzania w Budownictwie\",\"description\":\"\",\"potentialAction\":[{\"@type\":\"SearchAction\",\"target\":{\"@type\":\"EntryPoint\",\"urlTemplate\":\"https:\/\/bzbprojekt.pl\/?s={search_term_string}\"},\"query-input\":\"required name=search_term_string\"}],\"inLanguage\":\"pl-PL\"},{\"@type\":\"WebPage\",\"@id\":\"https:\/\/bzbprojekt.pl\/index.php\/polityka-prywatnosci\/#webpage\",\"url\":\"https:\/\/bzbprojekt.pl\/index.php\/polityka-prywatnosci\/\",\"name\":\"Polityka prywatno\\u015bci - Biuro Zarz\\u0105dzania w Budownictwie\",\"isPartOf\":{\"@id\":\"https:\/\/bzbprojekt.pl\/#website\"},\"datePublished\":\"2021-12-15T13:39:55+00:00\",\"dateModified\":\"2021-12-16T13:06:46+00:00\",\"description\":\"Na podstawie art. 6 i art. 13 Rozporz\\u0105dzenia Parlamentu Europejskiego i Rady (UE) 2016\/679 z dnia 27 kwietnia 2016 r. w sprawie ochrony os\\u00f3b fizycznych w zwi\\u0105zku z przetwarzaniem danych osobowych oraz uchylenia dyrektywy 95\/46\/WE (og\\u00f3lne rozporz\\u0105dzenie o ochronie danych) (Dz. Urz. UE L 119 z 04.05.2016), oraz Ustawy z dnia 10 maja 2018 r. o ochronie danych osobowych, informujemy\",\"breadcrumb\":{\"@id\":\"https:\/\/bzbprojekt.pl\/index.php\/polityka-prywatnosci\/#breadcrumb\"},\"inLanguage\":\"pl-PL\",\"potentialAction\":[{\"@type\":\"ReadAction\",\"target\":[\"https:\/\/bzbprojekt.pl\/index.php\/polityka-prywatnosci\/\"]}]},{\"@type\":\"BreadcrumbList\",\"@id\":\"https:\/\/bzbprojekt.pl\/index.php\/polityka-prywatnosci\/#breadcrumb\",\"itemListElement\":[{\"@type\":\"ListItem\",\"position\":1,\"name\":\"Strona g\\u0142\\u00f3wna\",\"item\":\"https:\/\/bzbprojekt.pl\/\"},{\"@type\":\"ListItem\",\"position\":2,\"name\":\"Polityka prywatno\\u015bci\"}]}]}<\/script>\n<!-- \/ Yoast SEO plugin. -->","yoast_head_json":{"title":"Polityka prywatno\u015bci - Biuro Zarz\u0105dzania w Budownictwie","description":"Na podstawie art. 6 i art. 13 Rozporz\u0105dzenia Parlamentu Europejskiego i Rady (UE) 2016\/679 z dnia 27 kwietnia 2016 r. w sprawie ochrony os\u00f3b fizycznych w zwi\u0105zku z przetwarzaniem danych osobowych oraz uchylenia dyrektywy 95\/46\/WE (og\u00f3lne rozporz\u0105dzenie o ochronie danych) (Dz. Urz. UE L 119 z 04.05.2016), oraz Ustawy z dnia 10 maja 2018 r. o ochronie danych osobowych, informujemy","robots":{"index":"index","follow":"follow","max-snippet":"max-snippet:-1","max-image-preview":"max-image-preview:large","max-video-preview":"max-video-preview:-1"},"canonical":"https:\/\/bzbprojekt.pl\/index.php\/polityka-prywatnosci\/","og_locale":"pl_PL","og_type":"article","og_title":"Polityka prywatno\u015bci - Biuro Zarz\u0105dzania w Budownictwie","og_description":"Na podstawie art. 6 i art. 13 Rozporz\u0105dzenia Parlamentu Europejskiego i Rady (UE) 2016\/679 z dnia 27 kwietnia 2016 r. w sprawie ochrony os\u00f3b fizycznych w zwi\u0105zku z przetwarzaniem danych osobowych oraz uchylenia dyrektywy 95\/46\/WE (og\u00f3lne rozporz\u0105dzenie o ochronie danych) (Dz. Urz. UE L 119 z 04.05.2016), oraz Ustawy z dnia 10 maja 2018 r. o ochronie danych osobowych, informujemy","og_url":"https:\/\/bzbprojekt.pl\/index.php\/polityka-prywatnosci\/","og_site_name":"Biuro Zarz\u0105dzania w Budownictwie","article_modified_time":"2021-12-16T13:06:46+00:00","twitter_card":"summary_large_image","twitter_misc":{"Szacowany czas czytania":"5 minut"},"schema":{"@context":"https:\/\/schema.org","@graph":[{"@type":"WebSite","@id":"https:\/\/bzbprojekt.pl\/#website","url":"https:\/\/bzbprojekt.pl\/","name":"Biuro Zarz\u0105dzania w Budownictwie","description":"","potentialAction":[{"@type":"SearchAction","target":{"@type":"EntryPoint","urlTemplate":"https:\/\/bzbprojekt.pl\/?s={search_term_string}"},"query-input":"required name=search_term_string"}],"inLanguage":"pl-PL"},{"@type":"WebPage","@id":"https:\/\/bzbprojekt.pl\/index.php\/polityka-prywatnosci\/#webpage","url":"https:\/\/bzbprojekt.pl\/index.php\/polityka-prywatnosci\/","name":"Polityka prywatno\u015bci - Biuro Zarz\u0105dzania w Budownictwie","isPartOf":{"@id":"https:\/\/bzbprojekt.pl\/#website"},"datePublished":"2021-12-15T13:39:55+00:00","dateModified":"2021-12-16T13:06:46+00:00","description":"Na podstawie art. 6 i art. 13 Rozporz\u0105dzenia Parlamentu Europejskiego i Rady (UE) 2016\/679 z dnia 27 kwietnia 2016 r. w sprawie ochrony os\u00f3b fizycznych w zwi\u0105zku z przetwarzaniem danych osobowych oraz uchylenia dyrektywy 95\/46\/WE (og\u00f3lne rozporz\u0105dzenie o ochronie danych) (Dz. Urz. UE L 119 z 04.05.2016), oraz Ustawy z dnia 10 maja 2018 r. o ochronie danych osobowych, informujemy","breadcrumb":{"@id":"https:\/\/bzbprojekt.pl\/index.php\/polityka-prywatnosci\/#breadcrumb"},"inLanguage":"pl-PL","potentialAction":[{"@type":"ReadAction","target":["https:\/\/bzbprojekt.pl\/index.php\/polityka-prywatnosci\/"]}]},{"@type":"BreadcrumbList","@id":"https:\/\/bzbprojekt.pl\/index.php\/polityka-prywatnosci\/#breadcrumb","itemListElement":[{"@type":"ListItem","position":1,"name":"Strona g\u0142\u00f3wna","item":"https:\/\/bzbprojekt.pl\/"},{"@type":"ListItem","position":2,"name":"Polityka prywatno\u015bci"}]}]}},"_links":{"self":[{"href":"https:\/\/bzbprojekt.pl\/index.php\/wp-json\/wp\/v2\/pages\/1005"}],"collection":[{"href":"https:\/\/bzbprojekt.pl\/index.php\/wp-json\/wp\/v2\/pages"}],"about":[{"href":"https:\/\/bzbprojekt.pl\/index.php\/wp-json\/wp\/v2\/types\/page"}],"author":[{"embeddable":true,"href":"https:\/\/bzbprojekt.pl\/index.php\/wp-json\/wp\/v2\/users\/2"}],"replies":[{"embeddable":true,"href":"https:\/\/bzbprojekt.pl\/index.php\/wp-json\/wp\/v2\/comments?post=1005"}],"version-history":[{"count":10,"href":"https:\/\/bzbprojekt.pl\/index.php\/wp-json\/wp\/v2\/pages\/1005\/revisions"}],"predecessor-version":[{"id":1036,"href":"https:\/\/bzbprojekt.pl\/index.php\/wp-json\/wp\/v2\/pages\/1005\/revisions\/1036"}],"wp:attachment":[{"href":"https:\/\/bzbprojekt.pl\/index.php\/wp-json\/wp\/v2\/media?parent=1005"}],"curies":[{"name":"wp","href":"https:\/\/api.w.org\/{rel}","templated":true}]}}